{"id":410,"date":"2017-07-18T16:25:27","date_gmt":"2017-07-18T16:25:27","guid":{"rendered":"http:\/\/rsbrazil.tv.br\/?page_id=410"},"modified":"2022-06-27T15:57:03","modified_gmt":"2022-06-27T15:57:03","slug":"410-2","status":"publish","type":"page","link":"http:\/\/rsbrazil.tv.br\/?page_id=410","title":{"rendered":"Pagina inicial"},"content":{"rendered":"<p><img loading=\"lazy\" width=\"295\" height=\"105\" src=\"http:\/\/rsbrazil.tv.br\/wp-content\/uploads\/2017\/07\/logo-rs.png\" alt=\"\" srcset=\"http:\/\/rsbrazil.tv.br\/wp-content\/uploads\/2017\/07\/logo-rs.png 295w, http:\/\/rsbrazil.tv.br\/wp-content\/uploads\/2017\/07\/logo-rs-150x53.png 150w\" sizes=\"(max-width: 295px) 100vw, 295px\"><\/p>\n<h1>Ag\u00eancia de propaganda e marketing no rio grande do sul<\/h1>\n<p><strong>ALIANDO CLIENTES &#8211; INTEGRANDO A\u00c7\u00d5ES DE MARKETING &#8211; COOPERATIVANDO M\u00cdDIAS<\/strong><\/p>\n<p><img loading=\"lazy\" width=\"640\" height=\"625\" src=\"http:\/\/rsbrazil.tv.br\/wp-content\/uploads\/2017\/07\/fundo2-1-1024x1000.png\" alt=\"\" srcset=\"http:\/\/rsbrazil.tv.br\/wp-content\/uploads\/2017\/07\/fundo2-1-1024x1000.png 1024w, http:\/\/rsbrazil.tv.br\/wp-content\/uploads\/2017\/07\/fundo2-1-150x147.png 150w, http:\/\/rsbrazil.tv.br\/wp-content\/uploads\/2017\/07\/fundo2-1-300x293.png 300w, http:\/\/rsbrazil.tv.br\/wp-content\/uploads\/2017\/07\/fundo2-1-768x750.png 768w, http:\/\/rsbrazil.tv.br\/wp-content\/uploads\/2017\/07\/fundo2-1.png 1085w\" sizes=\"(max-width: 640px) 100vw, 640px\"><\/p>\n<p>RS BRAZIL \u00c9 ASSOCIADA:<\/p>\n<p><img loading=\"lazy\" width=\"640\" height=\"371\" src=\"http:\/\/rsbrazil.tv.br\/wp-content\/uploads\/2017\/07\/Logo_CENP-1024x593-1024x593.jpg\" alt=\"\" srcset=\"http:\/\/rsbrazil.tv.br\/wp-content\/uploads\/2017\/07\/Logo_CENP-1024x593.jpg 1024w, http:\/\/rsbrazil.tv.br\/wp-content\/uploads\/2017\/07\/Logo_CENP-1024x593-150x87.jpg 150w, http:\/\/rsbrazil.tv.br\/wp-content\/uploads\/2017\/07\/Logo_CENP-1024x593-300x174.jpg 300w, http:\/\/rsbrazil.tv.br\/wp-content\/uploads\/2017\/07\/Logo_CENP-1024x593-768x445.jpg 768w\" sizes=\"(max-width: 640px) 100vw, 640px\"><br \/>\n<img loading=\"lazy\" width=\"640\" height=\"246\" src=\"http:\/\/rsbrazil.tv.br\/wp-content\/uploads\/2017\/07\/sinapro-e-abradi_nov15-e1477936248630.jpg\" alt=\"\" srcset=\"http:\/\/rsbrazil.tv.br\/wp-content\/uploads\/2017\/07\/sinapro-e-abradi_nov15-e1477936248630.jpg 960w, http:\/\/rsbrazil.tv.br\/wp-content\/uploads\/2017\/07\/sinapro-e-abradi_nov15-e1477936248630-150x58.jpg 150w, http:\/\/rsbrazil.tv.br\/wp-content\/uploads\/2017\/07\/sinapro-e-abradi_nov15-e1477936248630-300x115.jpg 300w, http:\/\/rsbrazil.tv.br\/wp-content\/uploads\/2017\/07\/sinapro-e-abradi_nov15-e1477936248630-768x295.jpg 768w\" sizes=\"(max-width: 640px) 100vw, 640px\"><br \/>\n<img src=\"http:\/\/rsbrazil.tv.br\/wp-content\/uploads\/2017\/07\/abradi-rs-1024x264.png\" title=\"\" alt=\"\"><\/p>\n<h1>SOMOS A RS BRAZIL<\/h1>\n<p>Somos uma ag\u00eancia de publicidade a mais de 20 anos no mercado ga\u00facho. Estamos a frente de grandes empresas como a Rede Asun de Supermercados criando toda comunica\u00e7\u00e3o com o p\u00fablico, seja pequenos encartes at\u00e9 propagandas em hor\u00e1rios nobres da televis\u00e3o.<br \/>\nTemos entrada facilitada com todas m\u00eddias de canais abertos do Rio Grande do Sul, negociamos os melhores pre\u00e7os do mercado, facilitamos a inclus\u00e3o de sua marca em nosso estado e tamb\u00e9m levamos marcas do RS para todo pa\u00eds, atrav\u00e9s de publicidade focada em resultados. Entre em contato conosco para que possamos auxiliar toda comunica\u00e7\u00e3o da sua empresa e facilitar sua entrada nas m\u00eddias regionais.<\/p>\n<figure><img src=\"http:\/\/rsbrazil.tv.br\/wp-content\/uploads\/2017\/07\/IMG_9744-2-1024x575-1024x575.jpg\" alt=\"IMG_9744-2-1024x575\"><\/figure>\n<figure><img src=\"http:\/\/rsbrazil.tv.br\/wp-content\/uploads\/2017\/07\/IMG_9749-1024x557-1024x557.jpg\" alt=\"IMG_9749-1024x557\"><\/figure>\n<figure><img src=\"http:\/\/rsbrazil.tv.br\/wp-content\/uploads\/2017\/07\/IMG_9743-1-1024x606-1024x606.jpg\" alt=\"IMG_9743-1-1024x606\"><\/figure>\n<figure><img src=\"http:\/\/rsbrazil.tv.br\/wp-content\/uploads\/2017\/07\/IMG_9742-1-1024x650-1024x650.jpg\" alt=\"IMG_9742-1-1024x650\"><\/figure>\n<figure><img src=\"http:\/\/rsbrazil.tv.br\/wp-content\/uploads\/2017\/07\/IMG_9740-2-1024x575-1024x575.jpg\" alt=\"IMG_9740-2-1024x575\"><\/figure>\n<figure><img src=\"http:\/\/rsbrazil.tv.br\/wp-content\/uploads\/2017\/07\/IMG_9734-1-1024x575-1024x575.jpg\" alt=\"IMG_9734-1-1024x575\"><\/figure>\n<figure><img src=\"http:\/\/rsbrazil.tv.br\/wp-content\/uploads\/2017\/07\/IMG_9735-1-1024x575-1024x575.jpg\" alt=\"IMG_9735-1-1024x575\"><\/figure>\n<figure><img src=\"http:\/\/rsbrazil.tv.br\/wp-content\/uploads\/2017\/07\/IMG_9730-1-1024x586-1024x586.jpg\" alt=\"IMG_9730-1-1024x586\"><\/figure>\n<figure><img src=\"http:\/\/rsbrazil.tv.br\/wp-content\/uploads\/2017\/07\/IMG_9729-1-1024x599-1024x599.jpg\" alt=\"IMG_9729-1-1024x599\"><\/figure>\n<p>Anterior<br \/>\nPr\u00f3ximo<\/p>\n<h1>PRODU\u00c7\u00c3O DE V\u00cdDEOS<\/h1>\n<p><iframe loading=\"lazy\" title=\"Comercial Asun Institucional 2\" width=\"640\" height=\"360\" src=\"https:\/\/www.youtube.com\/embed\/MevqsZFy6sM?feature=oembed\" frameborder=\"0\" allow=\"accelerometer; autoplay; clipboard-write; encrypted-media; gyroscope; picture-in-picture\" allowfullscreen><\/iframe><\/p>\n<p>Percebemos a necessidade de gest\u00e3o criativa em produ\u00e7\u00f5es de comerciais, com isso criamos uma c\u00e9lula para produ\u00e7\u00e3o de v\u00eddeos.<br \/>\nRealizamos alto investimento em equipamentos e profissionais, trabalhando em produ\u00e7\u00f5es para diversos segmentos. Entre em contato para conhecer nosso trabalho e tamb\u00e9m nossas cria\u00e7\u00f5es de v\u00eddeos 3D.<\/p>\n<h2>Criamos, produzimos e desenvolvemos comerciais para sua empresa com foco criativo e baixo custo!<\/h2>\n<p><img loading=\"lazy\" width=\"908\" height=\"162\" src=\"http:\/\/rsbrazil.tv.br\/wp-content\/uploads\/2017\/07\/cn.png\" alt=\"\" srcset=\"http:\/\/rsbrazil.tv.br\/wp-content\/uploads\/2017\/07\/cn.png 908w, http:\/\/rsbrazil.tv.br\/wp-content\/uploads\/2017\/07\/cn-150x27.png 150w, http:\/\/rsbrazil.tv.br\/wp-content\/uploads\/2017\/07\/cn-300x54.png 300w, http:\/\/rsbrazil.tv.br\/wp-content\/uploads\/2017\/07\/cn-768x137.png 768w\" sizes=\"(max-width: 908px) 100vw, 908px\"><\/p>\n<h1>Confira algumas de nossas produ\u00e7\u00f5es.<\/h1>\n<p>https:\/\/www.youtube.com\/watch?v=MPaYcfufui0https:\/\/www.youtube.com\/watch?v=qqCBvy76naghttps:\/\/www.youtube.com\/watch?v=i71IZmQAzgQ<\/p>\n<h1>ROBERTO RIBEIRO<\/h1>\n<p>DESING DE EMBALAGENS<\/p>\n<p>Desinger com forma\u00e7\u00e3o em Bacharel em Artes Visuais e Desenho Industrial pela UFMS, fez especiali\u00e7\u00e3o em diferencia\u00e7\u00e3o e estrtat\u00b4rgia de marca na Brandster. Trabalha com desenvolvimento e implementa\u00e7\u00e3o de projetos para marcas de pequeno, m\u00e9dio e grande porte como: Mars \/ Brasil &#8211; Pedigree Champ, Whiskas e Uncle Ben&#8217;s, Basf \/ Brasil, Dow \/ Brasil, Converse, Goldztein Cyrela, Polwax, Seven Boys, Nutrella entre outros.<br \/>\nSua area de atua\u00e7\u00e3o \u00e9 em cria\u00e7\u00e3o de identidade visual, design gr\u00e1fico, arquitetura de marca, desing de embalagens e sistema de merchansing.<\/p>\n<h2>pR\u00caMIOS<\/h2>\n<h3>\n\t\t\t\t\tSAL\u00c3O DA PROPAGANDA \/ RS &#8211; PRATA &#8211; Categoria \/ Embalagem -1999<\/h3>\n<h3>\n\t\t\t\t\tPR\u00caMIO COLUNISTAS \/ RS &#8211; BRONZE &#8211; Categoria \/ Embalagem &#8211; 2011<\/h3>\n<h3>\n\t\t\t\t\tSAL\u00c3O DA PROPAGANDA \/ RS &#8211; BRONZE &#8211; Categoria \/ Design Gr\u00e1fico &#8211; 2001<\/h3>\n<h3>\n\t\t\t\t\tSAL\u00c3O DA PROPAGANDA \/ RS &#8211; BRONZE &#8211; Categoria \/ Identidade Corporativa &#8211; 2005<\/h3>\n<h3>\n\t\t\t\t\tSAL\u00c3O DA PROPAGANDA \/ RS &#8211; OURO &#8211; Categoria \/ Embalagem &#8211; 2001<\/h3>\n<h3>\n\t\t\t\t\tSAL\u00c3O DA PROPAGANDA \/ RS &#8211; PRATA &#8211; Categoria \/ Design Gr\u00e1fco -2003<\/h3>\n<h3>\n\t\t\t\t\tPR\u00caMIO COLUNISTAS \/ RS &#8211; OURO &#8211; Categoria \/ Embalagem &#8211; 2011<\/h3>\n<h3>\n\t\t\t\t\tSAL\u00c3O DA PROPAGANDA \/ RS &#8211; OURO &#8211; Categoria \/ Embalagem &#8211; 2011<\/h3>\n<h3>\n\t\t\t\t\tSAL\u00c3O DA PROPAGANDA \/ RS &#8211; PRATA &#8211; Categoria \/ PDV &#8211; 2001<\/h3>\n<h3>\n\t\t\t\t\tSAL\u00c3O DA PROPAGANDA \/ RS &#8211; PRATA &#8211; Categoria \/ PDV &#8211; 2003<\/h3>\n<h3>\n\t\t\t\t\tPR\u00caMIO COLUNISTAS \/ RS &#8211; PRATA &#8211; Categoria \/ Embalagem &#8211; 2011<\/h3>\n<h3>\n\t\t\t\t\tSAL\u00c3O DA PROPAGANDA \/ RS -PRATA &#8211; Categoria \/ Embalagem &#8211; 2011<\/h3>\n<h3>DESIGN DE EMBALAGENS<\/h3>\n<p>Criar valor para marca atrav\u00e9s de solu\u00e7\u00f5es integradas de design de acordo com os objetivos estrat\u00e9gicos da empresa. Um processo que consiste em entender o<br \/>\nmercado, observar o consumo, estudar tend\u00eancias e aspira\u00e7\u00f5es, tudo isto para traduzir a ess\u00eancia do<br \/>\nseu neg\u00f3cio em uma identidade que agrega valor, cria v\u00ednculos e garante resultados de sucesso.<\/p>\n<dl class=\"gallery-item\">\n<dt class=\"gallery-icon landscape\">\n\t\t\t\t<a data-elementor-open-lightbox=\"default\" data-elementor-lightbox-slideshow=\"vkyu20u\" href=\"http:\/\/rsbrazil.tv.br\/wp-content\/uploads\/2017\/07\/embalagem-papel-doble.jpg\"><img loading=\"lazy\" width=\"640\" height=\"640\" src=\"http:\/\/rsbrazil.tv.br\/wp-content\/uploads\/2017\/07\/embalagem-papel-doble-768x768.jpg\" alt=\"\" srcset=\"http:\/\/rsbrazil.tv.br\/wp-content\/uploads\/2017\/07\/embalagem-papel-doble-768x768.jpg 768w, http:\/\/rsbrazil.tv.br\/wp-content\/uploads\/2017\/07\/embalagem-papel-doble-150x150.jpg 150w, http:\/\/rsbrazil.tv.br\/wp-content\/uploads\/2017\/07\/embalagem-papel-doble-300x300.jpg 300w, http:\/\/rsbrazil.tv.br\/wp-content\/uploads\/2017\/07\/embalagem-papel-doble-1024x1024.jpg 1024w, http:\/\/rsbrazil.tv.br\/wp-content\/uploads\/2017\/07\/embalagem-papel-doble-100x100.jpg 100w, http:\/\/rsbrazil.tv.br\/wp-content\/uploads\/2017\/07\/embalagem-papel-doble-480x480.jpg 480w, http:\/\/rsbrazil.tv.br\/wp-content\/uploads\/2017\/07\/embalagem-papel-doble-50x50.jpg 50w, http:\/\/rsbrazil.tv.br\/wp-content\/uploads\/2017\/07\/embalagem-papel-doble.jpg 2000w\" sizes=\"(max-width: 640px) 100vw, 640px\"><\/a><\/dt>\n<\/dl>\n<dl class=\"gallery-item\">\n<dt class=\"gallery-icon landscape\">\n\t\t\t\t<a data-elementor-open-lightbox=\"default\" data-elementor-lightbox-slideshow=\"vkyu20u\" href=\"http:\/\/rsbrazil.tv.br\/wp-content\/uploads\/2017\/07\/embalagem-gilliman.jpg\"><img loading=\"lazy\" width=\"640\" height=\"640\" src=\"http:\/\/rsbrazil.tv.br\/wp-content\/uploads\/2017\/07\/embalagem-gilliman-768x768.jpg\" alt=\"\" srcset=\"http:\/\/rsbrazil.tv.br\/wp-content\/uploads\/2017\/07\/embalagem-gilliman-768x768.jpg 768w, http:\/\/rsbrazil.tv.br\/wp-content\/uploads\/2017\/07\/embalagem-gilliman-150x150.jpg 150w, http:\/\/rsbrazil.tv.br\/wp-content\/uploads\/2017\/07\/embalagem-gilliman-300x300.jpg 300w, http:\/\/rsbrazil.tv.br\/wp-content\/uploads\/2017\/07\/embalagem-gilliman-1024x1024.jpg 1024w, http:\/\/rsbrazil.tv.br\/wp-content\/uploads\/2017\/07\/embalagem-gilliman-100x100.jpg 100w, http:\/\/rsbrazil.tv.br\/wp-content\/uploads\/2017\/07\/embalagem-gilliman.jpg 2000w\" sizes=\"(max-width: 640px) 100vw, 640px\"><\/a><\/dt>\n<\/dl>\n<dl class=\"gallery-item\">\n<dt class=\"gallery-icon landscape\">\n\t\t\t\t<a data-elementor-open-lightbox=\"default\" data-elementor-lightbox-slideshow=\"vkyu20u\" href=\"http:\/\/rsbrazil.tv.br\/wp-content\/uploads\/2017\/07\/embalagem-hard-creme.jpg\"><img loading=\"lazy\" width=\"640\" height=\"640\" src=\"http:\/\/rsbrazil.tv.br\/wp-content\/uploads\/2017\/07\/embalagem-hard-creme-768x768.jpg\" alt=\"\" srcset=\"http:\/\/rsbrazil.tv.br\/wp-content\/uploads\/2017\/07\/embalagem-hard-creme-768x768.jpg 768w, http:\/\/rsbrazil.tv.br\/wp-content\/uploads\/2017\/07\/embalagem-hard-creme-150x150.jpg 150w, http:\/\/rsbrazil.tv.br\/wp-content\/uploads\/2017\/07\/embalagem-hard-creme-300x300.jpg 300w, http:\/\/rsbrazil.tv.br\/wp-content\/uploads\/2017\/07\/embalagem-hard-creme-1024x1024.jpg 1024w, http:\/\/rsbrazil.tv.br\/wp-content\/uploads\/2017\/07\/embalagem-hard-creme-100x100.jpg 100w, http:\/\/rsbrazil.tv.br\/wp-content\/uploads\/2017\/07\/embalagem-hard-creme.jpg 2000w\" sizes=\"(max-width: 640px) 100vw, 640px\"><\/a><\/dt>\n<\/dl>\n<p><br style=\"clear: both\"><\/p>\n<dl class=\"gallery-item\">\n<dt class=\"gallery-icon landscape\">\n\t\t\t\t<a data-elementor-open-lightbox=\"default\" data-elementor-lightbox-slideshow=\"vkyu20u\" href=\"http:\/\/rsbrazil.tv.br\/wp-content\/uploads\/2017\/07\/embalagem-iogurte.jpg\"><img loading=\"lazy\" width=\"640\" height=\"640\" src=\"http:\/\/rsbrazil.tv.br\/wp-content\/uploads\/2017\/07\/embalagem-iogurte-768x768.jpg\" alt=\"\" srcset=\"http:\/\/rsbrazil.tv.br\/wp-content\/uploads\/2017\/07\/embalagem-iogurte-768x768.jpg 768w, http:\/\/rsbrazil.tv.br\/wp-content\/uploads\/2017\/07\/embalagem-iogurte-150x150.jpg 150w, http:\/\/rsbrazil.tv.br\/wp-content\/uploads\/2017\/07\/embalagem-iogurte-300x300.jpg 300w, http:\/\/rsbrazil.tv.br\/wp-content\/uploads\/2017\/07\/embalagem-iogurte-1024x1024.jpg 1024w, http:\/\/rsbrazil.tv.br\/wp-content\/uploads\/2017\/07\/embalagem-iogurte-100x100.jpg 100w, http:\/\/rsbrazil.tv.br\/wp-content\/uploads\/2017\/07\/embalagem-iogurte.jpg 2000w\" sizes=\"(max-width: 640px) 100vw, 640px\"><\/a><\/dt>\n<\/dl>\n<dl class=\"gallery-item\">\n<dt class=\"gallery-icon landscape\">\n\t\t\t\t<a data-elementor-open-lightbox=\"default\" data-elementor-lightbox-slideshow=\"vkyu20u\" href=\"http:\/\/rsbrazil.tv.br\/wp-content\/uploads\/2017\/07\/embalagem-lava-louca.jpg\"><img loading=\"lazy\" width=\"640\" height=\"640\" src=\"http:\/\/rsbrazil.tv.br\/wp-content\/uploads\/2017\/07\/embalagem-lava-louca-768x768.jpg\" alt=\"\" srcset=\"http:\/\/rsbrazil.tv.br\/wp-content\/uploads\/2017\/07\/embalagem-lava-louca-768x768.jpg 768w, http:\/\/rsbrazil.tv.br\/wp-content\/uploads\/2017\/07\/embalagem-lava-louca-150x150.jpg 150w, http:\/\/rsbrazil.tv.br\/wp-content\/uploads\/2017\/07\/embalagem-lava-louca-300x300.jpg 300w, http:\/\/rsbrazil.tv.br\/wp-content\/uploads\/2017\/07\/embalagem-lava-louca-1024x1024.jpg 1024w, http:\/\/rsbrazil.tv.br\/wp-content\/uploads\/2017\/07\/embalagem-lava-louca-100x100.jpg 100w, http:\/\/rsbrazil.tv.br\/wp-content\/uploads\/2017\/07\/embalagem-lava-louca-480x480.jpg 480w, http:\/\/rsbrazil.tv.br\/wp-content\/uploads\/2017\/07\/embalagem-lava-louca-50x50.jpg 50w, http:\/\/rsbrazil.tv.br\/wp-content\/uploads\/2017\/07\/embalagem-lava-louca.jpg 2000w\" sizes=\"(max-width: 640px) 100vw, 640px\"><\/a><\/dt>\n<\/dl>\n<dl class=\"gallery-item\">\n<dt class=\"gallery-icon landscape\">\n\t\t\t\t<a data-elementor-open-lightbox=\"default\" data-elementor-lightbox-slideshow=\"vkyu20u\" href=\"http:\/\/rsbrazil.tv.br\/wp-content\/uploads\/2017\/07\/embalagem-pinho.jpg\"><img loading=\"lazy\" width=\"640\" height=\"640\" src=\"http:\/\/rsbrazil.tv.br\/wp-content\/uploads\/2017\/07\/embalagem-pinho-768x768.jpg\" alt=\"\" srcset=\"http:\/\/rsbrazil.tv.br\/wp-content\/uploads\/2017\/07\/embalagem-pinho-768x768.jpg 768w, http:\/\/rsbrazil.tv.br\/wp-content\/uploads\/2017\/07\/embalagem-pinho-150x150.jpg 150w, http:\/\/rsbrazil.tv.br\/wp-content\/uploads\/2017\/07\/embalagem-pinho-300x300.jpg 300w, http:\/\/rsbrazil.tv.br\/wp-content\/uploads\/2017\/07\/embalagem-pinho-1024x1024.jpg 1024w, http:\/\/rsbrazil.tv.br\/wp-content\/uploads\/2017\/07\/embalagem-pinho-100x100.jpg 100w, http:\/\/rsbrazil.tv.br\/wp-content\/uploads\/2017\/07\/embalagem-pinho-480x480.jpg 480w, http:\/\/rsbrazil.tv.br\/wp-content\/uploads\/2017\/07\/embalagem-pinho-50x50.jpg 50w, http:\/\/rsbrazil.tv.br\/wp-content\/uploads\/2017\/07\/embalagem-pinho.jpg 2000w\" sizes=\"(max-width: 640px) 100vw, 640px\"><\/a><\/dt>\n<\/dl>\n<p><br style=\"clear: both\"><\/p>\n<h1>NOSSO PORTIF\u00d3LIO<\/h1>\n<p><style>.-skin-default .-items .-item .title { color: ;}.-skin-default .-items .-item .title { background-color: ;}.-skin-default .-items .-item .-link.-readmore a { color: ;}.-skin-default .-items .-item .-link.-viewproject a { color: ;}.-skin-default .-filters .-filter, .-skin-default .-pages .-page-link { background-color: ;}.-skin-default .-filters .-filter, .-skin-default .-pages .-page-link { color: ;}.-skin-default .-filters .-filter, .-skin-default .-pages .-page-link { border: 1px solid ;}.-skin-default .-filters .-filter:hover, .-skin-default .-pages .-page-link:hover,.-skin-default .-filters .-filter.active, .-skin-default .-pages .-page-link.active { background-color: ;}.-skin-default .-filters .-filter:hover, .-skin-default .-pages .-page-link:hover,.-skin-default .-filters .-filter.active, .-skin-default .-pages .-page-link.active { color: ;}.-skin-default .-filters .-filter:hover, .-skin-default .-pages .-page-link:hover,.-skin-default .-filters .-filter.active, .-skin-default .-pages .-page-link.active { border: 1px solid ;}.-skin-default .-items .-item .genericon { color:  !important;}.-skin-default .-items .-item .-mask { background-color:  !important;}<\/style>            <div class=\"nimble-portfolio  -skin-default\" id=\"np-69fac3fe43a97\" data-lightbox=\"prettyphoto\">\n\n                \n                \n                                    <div class=\"-filters \">\n                        <a href=\"#\" data-rel=\"*\" class=\"-filter active\">All<\/a>                            <a  href=\"http:\/\/rsbrazil.tv.br\/?nimble-portfolio-type=anuncios\" data-rel=\"anuncios\" class=\"-filter\" id=\"filter-11\" >An\u00fancios<\/a>\n        <a  href=\"http:\/\/rsbrazil.tv.br\/?nimble-portfolio-type=comerciais\" data-rel=\"comerciais\" class=\"-filter\" id=\"filter-10\" >Comerciais<\/a>\n        <a  href=\"http:\/\/rsbrazil.tv.br\/?nimble-portfolio-type=embalagens\" data-rel=\"embalagens\" class=\"-filter\" id=\"filter-12\" >Embalagens<\/a>\n                        <\/div>        \n                \n                \n                <div class=\"-items \">\n                        <div  class=\"-item -normal -columns3\" id=\"item-413\" >\n                    <div class=\"title\">template<\/div>    \n                <div class=\"itembox\">\n            <a  href=\"\" data-rel=\"nimblebox[nimble_portfolio_gal_pro]\" >\n                <img src=\"\" alt=\"template\" \/>\n                <div class=\"-mask\"> <\/div>\n                                <div class=\"genericon genericon-zoom\"><\/div>\n            <\/a>    \n                    <\/div>\n                 \n            <div class=\"-links\">\n                                    <div class=\"-link -readmore \">\n                        <a href=\"http:\/\/rsbrazil.tv.br\/?elementor_library=template\" class=\"button-fixed\">\n                            more \u2192                        <\/a>\n                    <\/div>\n                                                    <div class=\"-link -viewproject \"> \n                        <a href=\"\" class=\"button-fixed\">\n                            visit us \u2192                        <\/a>\n                    <\/div>\n                            <\/div>\n            <\/div>\n        <div  class=\"-item -normal -columns3\" id=\"item-532\" >\n                    <div class=\"title\">temp2<\/div>    \n                <div class=\"itembox\">\n            <a  href=\"\" data-rel=\"nimblebox[nimble_portfolio_gal_pro]\" >\n                <img src=\"\" alt=\"temp2\" \/>\n                <div class=\"-mask\"> <\/div>\n                                <div class=\"genericon genericon-zoom\"><\/div>\n            <\/a>    \n                    <\/div>\n                 \n            <div class=\"-links\">\n                                    <div class=\"-link -readmore \">\n                        <a href=\"http:\/\/rsbrazil.tv.br\/?elementor_library=temp2\" class=\"button-fixed\">\n                            more \u2192                        <\/a>\n                    <\/div>\n                                                    <div class=\"-link -viewproject \"> \n                        <a href=\"\" class=\"button-fixed\">\n                            visit us \u2192                        <\/a>\n                    <\/div>\n                            <\/div>\n            <\/div>\n        <div  class=\"-item -normal -columns3\" id=\"item-626\" >\n                    <div class=\"title\">templete02<\/div>    \n                <div class=\"itembox\">\n            <a  href=\"\" data-rel=\"nimblebox[nimble_portfolio_gal_pro]\" >\n                <img src=\"\" alt=\"templete02\" \/>\n                <div class=\"-mask\"> <\/div>\n                                <div class=\"genericon genericon-zoom\"><\/div>\n            <\/a>    \n                    <\/div>\n                 \n            <div class=\"-links\">\n                                    <div class=\"-link -readmore \">\n                        <a href=\"http:\/\/rsbrazil.tv.br\/?elementor_library=templete02\" class=\"button-fixed\">\n                            more \u2192                        <\/a>\n                    <\/div>\n                                                    <div class=\"-link -viewproject \"> \n                        <a href=\"\" class=\"button-fixed\">\n                            visit us \u2192                        <\/a>\n                    <\/div>\n                            <\/div>\n            <\/div>\n        <div  class=\"-item -normal -columns3\" id=\"item-683\" >\n                    <div class=\"title\">rrrr<\/div>    \n                <div class=\"itembox\">\n            <a  href=\"\" data-rel=\"nimblebox[nimble_portfolio_gal_pro]\" >\n                <img src=\"\" alt=\"rrrr\" \/>\n                <div class=\"-mask\"> <\/div>\n                                <div class=\"genericon genericon-zoom\"><\/div>\n            <\/a>    \n                    <\/div>\n                 \n            <div class=\"-links\">\n                                    <div class=\"-link -readmore \">\n                        <a href=\"http:\/\/rsbrazil.tv.br\/?elementor_library=rrrr\" class=\"button-fixed\">\n                            more \u2192                        <\/a>\n                    <\/div>\n                                                    <div class=\"-link -viewproject \"> \n                        <a href=\"\" class=\"button-fixed\">\n                            visit us \u2192                        <\/a>\n                    <\/div>\n                            <\/div>\n            <\/div>\n        <div  class=\"-item -normal -columns3\" id=\"item-985\" >\n                    <div class=\"title\">home atual<\/div>    \n                <div class=\"itembox\">\n            <a  href=\"\" data-rel=\"nimblebox[nimble_portfolio_gal_pro]\" >\n                <img src=\"\" alt=\"home atual\" \/>\n                <div class=\"-mask\"> <\/div>\n                                <div class=\"genericon genericon-zoom\"><\/div>\n            <\/a>    \n                    <\/div>\n                 \n            <div class=\"-links\">\n                                    <div class=\"-link -readmore \">\n                        <a href=\"http:\/\/rsbrazil.tv.br\/?elementor_library=home-atual\" class=\"button-fixed\">\n                            more \u2192                        <\/a>\n                    <\/div>\n                                                    <div class=\"-link -viewproject \"> \n                        <a href=\"\" class=\"button-fixed\">\n                            visit us \u2192                        <\/a>\n                    <\/div>\n                            <\/div>\n            <\/div>\n        <div  class=\"-item -normal -columns3\" id=\"item-1018\" >\n                    <div class=\"title\">Kit Padr\u00e3o<\/div>    \n                <div class=\"itembox\">\n            <a  href=\"\" data-rel=\"nimblebox[nimble_portfolio_gal_pro]\" >\n                <img src=\"\" alt=\"Kit Padr\u00e3o\" \/>\n                <div class=\"-mask\"> <\/div>\n                                <div class=\"genericon genericon-zoom\"><\/div>\n            <\/a>    \n                    <\/div>\n                 \n            <div class=\"-links\">\n                                    <div class=\"-link -readmore \">\n                        <a href=\"http:\/\/rsbrazil.tv.br\/?elementor_library=kit-padrao\" class=\"button-fixed\">\n                            more \u2192                        <\/a>\n                    <\/div>\n                                                    <div class=\"-link -viewproject \"> \n                        <a href=\"\" class=\"button-fixed\">\n                            visit us \u2192                        <\/a>\n                    <\/div>\n                            <\/div>\n            <\/div>\n                    <\/div>\n\n                <div class=\"-pages\">\n    <\/div>\n\n            <\/div>        \n            <br \/>\n[nimble-portfolio1 ]<\/p>\n<h1>ENTRE EM CONTATO<\/h1>\n<h3><\/h3>\n<p>alexandre@rsbrazil.com.br<\/p>\n<h3><\/h3>\n<p>(51) 3023 &#8211; 8889<br \/>\n(51) 99968 &#8211;<br \/>\n9966<\/p>\n<h3><\/h3>\n<p>Rua \u00c1lvaro Chaves, 40<\/p>\n<p>Bairro Floresta &#8211;<br \/>\nPorto Alegre \/ RS<\/p>\n<p><iframe frameborder=\"0\" scrolling=\"no\" marginheight=\"0\" marginwidth=\"0\" src=\"https:\/\/maps.google.com\/maps?q=Rua%20%C3%81lvaro%20Chaves%2C%2040%2C%20Rio%20Grande%20do%20Sul%2C%20Brasil%20&amp;t=m&amp;z=15&amp;output=embed&amp;iwloc=near\" aria-label=\"Rua \u00c1lvaro Chaves, 40, Rio Grande do Sul, Brasil \"><\/iframe><br \/>\n<img loading=\"lazy\" width=\"300\" height=\"44\" src=\"http:\/\/rsbrazil.tv.br\/wp-content\/uploads\/2017\/07\/rodape-logo-agencia-300x44.png\" alt=\"\" srcset=\"http:\/\/rsbrazil.tv.br\/wp-content\/uploads\/2017\/07\/rodape-logo-agencia-300x44.png 300w, http:\/\/rsbrazil.tv.br\/wp-content\/uploads\/2017\/07\/rodape-logo-agencia-150x22.png 150w, http:\/\/rsbrazil.tv.br\/wp-content\/uploads\/2017\/07\/rodape-logo-agencia.png 379w\" sizes=\"(max-width: 300px) 100vw, 300px\"><\/p>\n","protected":false},"excerpt":{"rendered":"<p>Ag\u00eancia de propaganda e marketing no rio grande do sul ALIANDO CLIENTES &#8211; INTEGRANDO A\u00c7\u00d5ES DE MARKETING &#8211; COOPERATIVANDO M\u00cdDIAS RS BRAZIL \u00c9 ASSOCIADA: SOMOS A RS BRAZIL Somos uma ag\u00eancia de publicidade a mais de 20 anos no mercado &hellip; <a href=\"http:\/\/rsbrazil.tv.br\/?page_id=410\">Continue lendo <span class=\"meta-nav\">&rarr;<\/span><\/a><\/p>\n","protected":false},"author":3,"featured_media":0,"parent":0,"menu_order":0,"comment_status":"closed","ping_status":"closed","template":"elementor_canvas","meta":[],"_links":{"self":[{"href":"http:\/\/rsbrazil.tv.br\/index.php?rest_route=\/wp\/v2\/pages\/410"}],"collection":[{"href":"http:\/\/rsbrazil.tv.br\/index.php?rest_route=\/wp\/v2\/pages"}],"about":[{"href":"http:\/\/rsbrazil.tv.br\/index.php?rest_route=\/wp\/v2\/types\/page"}],"author":[{"embeddable":true,"href":"http:\/\/rsbrazil.tv.br\/index.php?rest_route=\/wp\/v2\/users\/3"}],"replies":[{"embeddable":true,"href":"http:\/\/rsbrazil.tv.br\/index.php?rest_route=%2Fwp%2Fv2%2Fcomments&post=410"}],"version-history":[{"count":110,"href":"http:\/\/rsbrazil.tv.br\/index.php?rest_route=\/wp\/v2\/pages\/410\/revisions"}],"predecessor-version":[{"id":1176,"href":"http:\/\/rsbrazil.tv.br\/index.php?rest_route=\/wp\/v2\/pages\/410\/revisions\/1176"}],"wp:attachment":[{"href":"http:\/\/rsbrazil.tv.br\/index.php?rest_route=%2Fwp%2Fv2%2Fmedia&parent=410"}],"curies":[{"name":"wp","href":"https:\/\/api.w.org\/{rel}","templated":true}]}}